{"id":1682,"date":"2022-09-18T21:38:31","date_gmt":"2022-09-18T21:38:31","guid":{"rendered":"https:\/\/mllfontindustria4.site\/?page_id=1682"},"modified":"2022-09-25T14:56:10","modified_gmt":"2022-09-25T14:56:10","slug":"servicios","status":"publish","type":"page","link":"https:\/\/mllfontindustria4.site\/index.php\/servicios\/","title":{"rendered":"Servicios"},"content":{"rendered":"\n<div class=\"wp-block-uagb-container uagb-block-64b86da4 alignfull uagb-is-root-container\"><div class=\"uagb-container-inner-blocks-wrap\">\n<div id=\"formacion\" class=\"wp-block-uagb-container uagb-block-f9abb460\">\n<div class=\"wp-block-uagb-info-box uagb-block-6ef734a3 uagb-infobox__content-wrap  uagb-infobox-icon-above-title uagb-infobox-image-valign-top\" id=\"formaci\u00f3n\"><div class=\"uagb-ifb-content\"><div class=\"uagb-ifb-title-wrap\"><h3 class=\"uagb-ifb-title\">Formaci\u00f3n<\/h3><\/div><p class=\"uagb-ifb-desc\">Ofrecemos consultor\u00eda para resolver problemas de integraci\u00f3n de los procesos empresariales a trav\u00e9s de plataformas tecnol\u00f3gicas, sistemas de ingenier\u00eda e inteligencia artificial, as\u00ed como&nbsp; el desarrollo de capacidades para la transformaci\u00f3n digital<\/p><div class=\"uagb-ifb-separator\"><\/div><div class=\"uagb-ifb-button-wrapper wp-block-button\"><a href=\"#\" target=\"_self\" class=\"uagb-infobox-cta-link\" rel=\"noopener noreferrer\" alt=\"\"><span class=\"uagb-inline-editing\"><\/span><\/a><\/div><\/div><\/div>\n<\/div>\n\n\n\n<div class=\"wp-block-uagb-container uagb-block-74a99d9a\">\n<div class=\"wp-block-uagb-container uagb-block-da2733b6\">\n<div class=\"wp-block-uagb-info-box uagb-block-80c1d0c5 uagb-infobox__content-wrap  uagb-infobox-icon-above-title uagb-infobox-image-valign-top\"><div class=\"uagb-ifb-content\"><div class=\"uagb-ifb-title-wrap\"><h5 class=\"uagb-ifb-title\"><strong>Formaci\u00f3n en Calidad 4.0 y Control de la Calidad Avanzado<\/strong><\/h5><\/div><p class=\"uagb-ifb-desc\">Descubre como los habilitadores digitales, los actores del ecosistema digital y los procesos inteligentes se convierten en los ejes estrat\u00e9gicos para avanzar hacia el enfoque de Calidad 4.0. Conocer\u00e1s tambi\u00e9n el impacto que tienen las tecnolog\u00edas emergentes o exponenciales en el control de la calidad avanzado y diversos casos de \u00e9xitos de empresas que han iniciado el camino hacia la Calidad 4.0.<\/p><div class=\"uagb-ifb-button-wrapper wp-block-button\"><a href=\"#\" target=\"_self\" class=\"uagb-infobox-cta-link\" rel=\"noopener noreferrer\" alt=\"\"><span class=\"uagb-inline-editing\"><\/span><\/a><\/div><\/div><\/div>\n<\/div>\n\n\n\n<div class=\"wp-block-uagb-container uagb-block-383a44b9\">\n<div class=\"wp-block-uagb-info-box uagb-block-bd81307a uagb-infobox__content-wrap  uagb-infobox-icon-above-title uagb-infobox-image-valign-top\"><div class=\"uagb-ifb-content\"><div class=\"uagb-ifb-title-wrap\"><h5 class=\"uagb-ifb-title\">&nbsp;&nbsp;&nbsp;&nbsp;&nbsp;&nbsp;&nbsp; <strong>Formaci\u00f3n en la Plataforma Tecnol\u00f3gica para la Vigilancia e Inteligencia Competitiva<\/strong><\/h5><\/div><p class=\"uagb-ifb-desc\">Experimenta nuestro modelo para diagnosticar, dise\u00f1ar e implementar el ciclo completo de la vigilancia estrat\u00e9gica, y entr\u00e9nate en nuestra plataforma para la vigilancia e inteligencia competitiva en la nube, una soluci\u00f3n tecnol\u00f3gica para estar actualizado tanto de tu entorno, como de tus oportunidades comerciales.<\/p><div class=\"uagb-ifb-button-wrapper wp-block-button\"><a href=\"#\" target=\"_self\" class=\"uagb-infobox-cta-link\" rel=\"noopener noreferrer\" alt=\"\"><span class=\"uagb-inline-editing\"><\/span><\/a><\/div><\/div><\/div>\n<\/div>\n\n\n\n<div class=\"wp-block-uagb-container uagb-block-232710a3\">\n<div class=\"wp-block-uagb-info-box uagb-block-c777f6fa uagb-infobox__content-wrap  uagb-infobox-icon-above-title uagb-infobox-image-valign-top\"><div class=\"uagb-ifb-content\"><div class=\"uagb-ifb-title-wrap\"><h5 class=\"uagb-ifb-title\"> <strong>Formaci\u00f3n en la aplicaci\u00f3n del ERP Odoo e Indicadores Claves de Desempe\u00f1o<\/strong><\/h5><\/div><p class=\"uagb-ifb-desc\">Descubre c\u00f3mo optimizar y rentabilizar tu empresa mediante el desarrollo de habilidades a trav\u00e9s de la implementaci\u00f3n del ERP Odoo, una suite de aplicaciones de gesti\u00f3n empresarial que ofrece soluciones integradas para el control de inventarios, de proyectos, CRM, Capital Humano, con una amplia comunidad de desarrollo, y opciones para dise\u00f1ar dashboards de tus principales indicadores claves de desempe\u00f1o.<\/p><div class=\"uagb-ifb-button-wrapper wp-block-button\"><a href=\"#\" target=\"_self\" class=\"uagb-infobox-cta-link\" rel=\"noopener noreferrer\" alt=\"\"><span class=\"uagb-inline-editing\"><\/span><\/a><\/div><\/div><\/div>\n<\/div>\n\n\n\n<div class=\"wp-block-uagb-container uagb-block-46ae2499\">\n<div class=\"wp-block-uagb-info-box uagb-block-e6d1f623 uagb-infobox__content-wrap  uagb-infobox-icon-above-title uagb-infobox-image-valign-top\"><div class=\"uagb-ifb-content\"><div class=\"uagb-ifb-title-wrap\"><h5 class=\"uagb-ifb-title\">&nbsp;&nbsp;&nbsp;&nbsp;&nbsp;&nbsp;&nbsp;&nbsp; <strong>Formaci\u00f3n en Herramientas Disruptivas para la Ense\u00f1anza de las Ingenier\u00edas en un Contexto de Industria 4.0: una visi\u00f3n desde el enfoque STEM<\/strong><\/h5><\/div><p class=\"uagb-ifb-desc\">Vive la experiencia de aplicar diversas herramientas disruptivas para la ense\u00f1anza de las ingenier\u00edas en un contexto de Industria 4.0, enfocadas a la manufactura, mantenimiento y calidad 4.0, con una visi\u00f3n desde el enfoque STEM (Ciencia, Tecnolog\u00eda, Ingenier\u00eda y Matem\u00e1ticas), basadas en la integraci\u00f3n sist\u00e9mica de modelos te\u00f3ricos (Sistemas de Ingenier\u00eda, Modelos Matem\u00e1ticos e Inteligencia Artificial), sistemas inform\u00e1ticos especializados (Sistemas CAD\/CAM\/CAE\/CAPP, CFD, as\u00ed como la Tecnolog\u00eda InSAR) y herramientas did\u00e1cticas propias de la ingenier\u00eda (CBL, Challenge Based Learning; PBL, Project Based Learning; Design Thinking).<\/p><div class=\"uagb-ifb-button-wrapper wp-block-button\"><a href=\"#\" target=\"_self\" class=\"uagb-infobox-cta-link\" rel=\"noopener noreferrer\" alt=\"\"><span class=\"uagb-inline-editing\"><\/span><\/a><\/div><\/div><\/div>\n<\/div>\n\n\n\n<div class=\"wp-block-uagb-container uagb-block-a65816a4\">\n<div class=\"wp-block-uagb-info-box uagb-block-833da555 uagb-infobox__content-wrap  uagb-infobox-icon-above-title uagb-infobox-image-valign-top\"><div class=\"uagb-ifb-content\"><div class=\"uagb-ifb-title-wrap\"><h5 class=\"uagb-ifb-title\"><strong>Formaci\u00f3n en Gesti\u00f3n por Procesos a trav\u00e9s de Plataforma Tecnol\u00f3gicas<\/strong><\/h5><\/div><p class=\"uagb-ifb-desc\">Digitaliza tus procesos y gana en agilidad, seguridad, reduce costos para sobrevivir y volver a crecer en un escenario de negocios digitales.&nbsp; Aplicaci\u00f3n de la plataforma Bizagi que ofrece la posibilidad de automatizar y administrar procesos por medio de un portal de trabajo del usuario final. Trabajo con datos, procesos, trabajadores y dispositivos para gestionar los procesos e impulsar la transformaci\u00f3n digital.&nbsp;<\/p><div class=\"uagb-ifb-button-wrapper wp-block-button\"><a href=\"#\" target=\"_self\" class=\"uagb-infobox-cta-link\" rel=\"noopener noreferrer\" alt=\"\"><span class=\"uagb-inline-editing\"><\/span><\/a><\/div><\/div><\/div>\n<\/div>\n<\/div>\n\n\n\n<div id=\"consultoria\" class=\"wp-block-uagb-container uagb-block-bcda1f7e\">\n<div class=\"wp-block-uagb-info-box uagb-block-501df97f uagb-infobox__content-wrap  uagb-infobox-icon-above-title uagb-infobox-image-valign-top\"><div class=\"uagb-ifb-content\"><div class=\"uagb-ifb-title-wrap\"><h2 class=\"uagb-ifb-title\">Consultor\u00eda<\/h2><\/div><p class=\"uagb-ifb-desc\">Promovemos el aprendizaje para el desarrollo de habilidades profesionales en diversos temas: calidad 4.0, ERP Odoo, sistemas CAD\/CAM\/CAE\/CAPP, CFD, tecnolog\u00eda InSAR, Project Based Learning y Design Thinking<\/p><div class=\"uagb-ifb-separator\"><\/div><div class=\"uagb-ifb-button-wrapper wp-block-button\"><a href=\"#\" target=\"_self\" class=\"uagb-infobox-cta-link\" rel=\"noopener noreferrer\" alt=\"\"><span class=\"uagb-inline-editing\"><\/span><\/a><\/div><\/div><\/div>\n<\/div>\n\n\n\n<div class=\"wp-block-uagb-container uagb-block-172fbc34\">\n<div class=\"wp-block-uagb-container uagb-block-9a09d929\">\n<div class=\"wp-block-uagb-info-box uagb-block-0d7733b5 uagb-infobox__content-wrap  uagb-infobox-icon-above-title uagb-infobox-image-valign-top\"><div class=\"uagb-ifb-content\"><div class=\"uagb-ifb-title-wrap\"><h5 class=\"uagb-ifb-title\">&nbsp;&nbsp;&nbsp;&nbsp;&nbsp;&nbsp;&nbsp;&nbsp; <strong>Consultor\u00eda en Transformaci\u00f3n Digital de Pymes Industriales<\/strong><\/h5><\/div><p class=\"uagb-ifb-desc\">Experimenta una herramienta de trabajo para iniciar o avanzar en el camino de la digitalizaci\u00f3n. Se identificar\u00e1n aquellos procesos y proyectos concretos en el \u00e1mbito de la digitalizaci\u00f3n y la industria 4.0 m\u00e1s adecuados a la situaci\u00f3n de partida y capacidades de la Pymes Industriales que permitan la progresiva transformaci\u00f3n digital de su cadena de valor.<\/p><div class=\"uagb-ifb-button-wrapper wp-block-button\"><a href=\"#\" target=\"_self\" class=\"uagb-infobox-cta-link\" rel=\"noopener noreferrer\" alt=\"\"><span class=\"uagb-inline-editing\"><\/span><\/a><\/div><\/div><\/div>\n<\/div>\n\n\n\n<div class=\"wp-block-uagb-container uagb-block-1998e3ee\">\n<div class=\"wp-block-uagb-info-box uagb-block-a2c468ad uagb-infobox__content-wrap  uagb-infobox-icon-above-title uagb-infobox-image-valign-top\"><div class=\"uagb-ifb-content\"><div class=\"uagb-ifb-title-wrap\"><h5 class=\"uagb-ifb-title\">&nbsp;&nbsp;&nbsp;&nbsp;&nbsp;&nbsp;&nbsp; <strong>Consultor\u00eda en Gesti\u00f3n Integrada por Procesos de los Sistema de Gesti\u00f3n Normalizados basada en el uso del ERP Odoo<\/strong><\/h5><\/div><p class=\"uagb-ifb-desc\">Participa junto a nosotros del \u201cModelo de la Rueda GIP\u201d y su procedimiento para el an\u00e1lisis de los sistemas de gesti\u00f3n normalizados con base en el uso del ERP Odoo y la gesti\u00f3n de los procesos integrados, &nbsp;para contribuir a la mejora del desempe\u00f1o de los sistemas normalizados en el tiempo.<\/p><div class=\"uagb-ifb-button-wrapper wp-block-button\"><a href=\"#\" target=\"_self\" class=\"uagb-infobox-cta-link\" rel=\"noopener noreferrer\" alt=\"\"><span class=\"uagb-inline-editing\"><\/span><\/a><\/div><\/div><\/div>\n<\/div>\n\n\n\n<div class=\"wp-block-uagb-container uagb-block-cb337f79\">\n<div class=\"wp-block-uagb-info-box uagb-block-5ce535ab uagb-infobox__content-wrap  uagb-infobox-icon-above-title uagb-infobox-image-valign-top\"><div class=\"uagb-ifb-content\"><div class=\"uagb-ifb-title-wrap\"><h5 class=\"uagb-ifb-title\">&nbsp;&nbsp;&nbsp;&nbsp;&nbsp;&nbsp;&nbsp;&nbsp; <strong>Consultor\u00eda en Direcci\u00f3n Integrada de Procesos Empresariales sustentadas en los Sistemas de Ingenier\u00eda y la Inteligencia Artificial<\/strong><\/h5><\/div><p class=\"uagb-ifb-desc\">Descubre c\u00f3mo integrar tu empresa mediante la Direcci\u00f3n Integrada de Procesos Empresariales sustentadas en los Sistemas de Ingenier\u00eda y la Inteligencia Artificial y el dise\u00f1o de dashboards de tus principales indicadores claves de desempe\u00f1o.<\/p><div class=\"uagb-ifb-button-wrapper wp-block-button\"><a href=\"#\" target=\"_self\" class=\"uagb-infobox-cta-link\" rel=\"noopener noreferrer\" alt=\"\"><span class=\"uagb-inline-editing\"><\/span><\/a><\/div><\/div><\/div>\n<\/div>\n<\/div>\n<\/div><\/div>\n","protected":false},"excerpt":{"rendered":"","protected":false},"author":1,"featured_media":0,"parent":0,"menu_order":0,"comment_status":"closed","ping_status":"closed","template":"","meta":{"om_disable_all_campaigns":false,"_uag_custom_page_level_css":"","_monsterinsights_skip_tracking":false,"_monsterinsights_sitenote_active":false,"_monsterinsights_sitenote_note":"","_monsterinsights_sitenote_category":0,"site-sidebar-layout":"default","site-content-layout":"","ast-site-content-layout":"default","site-content-style":"default","site-sidebar-style":"default","ast-global-header-display":"","ast-banner-title-visibility":"","ast-main-header-display":"","ast-hfb-above-header-display":"","ast-hfb-below-header-display":"","ast-hfb-mobile-header-display":"","site-post-title":"disabled","ast-breadcrumbs-content":"","ast-featured-img":"","footer-sml-layout":"","theme-transparent-header-meta":"","adv-header-id-meta":"","stick-header-meta":"","header-above-stick-meta":"","header-main-stick-meta":"","header-below-stick-meta":"","astra-migrate-meta-layouts":"default","ast-page-background-enabled":"default","ast-page-background-meta":{"desktop":{"background-color":"","background-image":"","background-repeat":"repeat","background-position":"center center","background-size":"auto","background-attachment":"scroll","background-type":"","background-media":"","overlay-type":"","overlay-color":"","overlay-opacity":"","overlay-gradient":""},"tablet":{"background-color":"","background-image":"","background-repeat":"repeat","background-position":"center center","background-size":"auto","background-attachment":"scroll","background-type":"","background-media":"","overlay-type":"","overlay-color":"","overlay-opacity":"","overlay-gradient":""},"mobile":{"background-color":"","background-image":"","background-repeat":"repeat","background-position":"center center","background-size":"auto","background-attachment":"scroll","background-type":"","background-media":"","overlay-type":"","overlay-color":"","overlay-opacity":"","overlay-gradient":""}},"ast-content-background-meta":{"desktop":{"background-color":"var(--ast-global-color-5)","background-image":"","background-repeat":"repeat","background-position":"center center","background-size":"auto","background-attachment":"scroll","background-type":"","background-media":"","overlay-type":"","overlay-color":"","overlay-opacity":"","overlay-gradient":""},"tablet":{"background-color":"var(--ast-global-color-5)","background-image":"","background-repeat":"repeat","background-position":"center center","background-size":"auto","background-attachment":"scroll","background-type":"","background-media":"","overlay-type":"","overlay-color":"","overlay-opacity":"","overlay-gradient":""},"mobile":{"background-color":"var(--ast-global-color-5)","background-image":"","background-repeat":"repeat","background-position":"center center","background-size":"auto","background-attachment":"scroll","background-type":"","background-media":"","overlay-type":"","overlay-color":"","overlay-opacity":"","overlay-gradient":""}},"footnotes":""},"class_list":["post-1682","page","type-page","status-publish","hentry"],"aioseo_notices":[],"uagb_featured_image_src":{"full":false,"thumbnail":false,"medium":false,"medium_large":false,"large":false,"1536x1536":false,"2048x2048":false},"uagb_author_info":{"display_name":"Jos\u00e9 Antonio Lorenzo Llanes","author_link":"https:\/\/mllfontindustria4.site\/index.php\/author\/lorenzollanesjgmai-com\/"},"uagb_comment_info":0,"uagb_excerpt":null,"_links":{"self":[{"href":"https:\/\/mllfontindustria4.site\/index.php\/wp-json\/wp\/v2\/pages\/1682","targetHints":{"allow":["GET"]}}],"collection":[{"href":"https:\/\/mllfontindustria4.site\/index.php\/wp-json\/wp\/v2\/pages"}],"about":[{"href":"https:\/\/mllfontindustria4.site\/index.php\/wp-json\/wp\/v2\/types\/page"}],"author":[{"embeddable":true,"href":"https:\/\/mllfontindustria4.site\/index.php\/wp-json\/wp\/v2\/users\/1"}],"replies":[{"embeddable":true,"href":"https:\/\/mllfontindustria4.site\/index.php\/wp-json\/wp\/v2\/comments?post=1682"}],"version-history":[{"count":12,"href":"https:\/\/mllfontindustria4.site\/index.php\/wp-json\/wp\/v2\/pages\/1682\/revisions"}],"predecessor-version":[{"id":1772,"href":"https:\/\/mllfontindustria4.site\/index.php\/wp-json\/wp\/v2\/pages\/1682\/revisions\/1772"}],"wp:attachment":[{"href":"https:\/\/mllfontindustria4.site\/index.php\/wp-json\/wp\/v2\/media?parent=1682"}],"curies":[{"name":"wp","href":"https:\/\/api.w.org\/{rel}","templated":true}]}}